{"id":126,"date":"2026-03-03T07:05:56","date_gmt":"2026-03-03T07:05:56","guid":{"rendered":"https:\/\/peluqueriarosaferreira.es\/index.php\/about-us\/"},"modified":"2026-03-09T10:02:11","modified_gmt":"2026-03-09T10:02:11","slug":"about-us","status":"publish","type":"page","link":"https:\/\/peluqueriarosaferreira.es\/index.php\/about-us\/","title":{"rendered":"About Us"},"content":{"rendered":"\t\t<div data-elementor-type=\"wp-page\" data-elementor-id=\"126\" class=\"elementor elementor-126\">\n\t\t\t\t<div class=\"elementor-element elementor-element-19ef1803 e-con-full e-flex e-con e-parent\" data-id=\"19ef1803\" data-element_type=\"container\" data-e-type=\"container\">\n\t\t<div class=\"elementor-element elementor-element-1324e3b6 e-con-full e-flex e-con e-child\" data-id=\"1324e3b6\" data-element_type=\"container\" data-e-type=\"container\">\n\t\t<div class=\"elementor-element elementor-element-1cadb05f e-con-full e-flex e-con e-child\" data-id=\"1cadb05f\" data-element_type=\"container\" data-e-type=\"container\">\n\t\t\t\t<div class=\"elementor-element elementor-element-30fbb45e elementor-widget elementor-widget-heading\" data-id=\"30fbb45e\" data-element_type=\"widget\" data-e-type=\"widget\" data-widget_type=\"heading.default\">\n\t\t\t\t\t<h1 class=\"elementor-heading-title elementor-size-default\">Nuestros trabajos<\/h1>\t\t\t\t<\/div>\n\t\t\t\t<div class=\"elementor-element elementor-element-1a58cb49 elementor-widget__width-initial elementor-invisible elementor-widget elementor-widget-text-editor\" data-id=\"1a58cb49\" data-element_type=\"widget\" data-e-type=\"widget\" data-settings=\"{&quot;_animation&quot;:&quot;fadeInDown&quot;}\" data-widget_type=\"text-editor.default\">\n\t\t\t\t\t\t\t\t\t<p>Descubre algunos de nuestros trabajos y resultados realizados en Peluquer\u00eda Rosa Ferreira.<\/p>\t\t\t\t\t\t\t\t<\/div>\n\t\t\t\t<\/div>\n\t\t\t\t<div class=\"elementor-element elementor-element-1ceac7c0 elementor-invisible elementor-widget elementor-widget-heading\" data-id=\"1ceac7c0\" data-element_type=\"widget\" data-e-type=\"widget\" data-settings=\"{&quot;_animation&quot;:&quot;fadeInUp&quot;}\" data-widget_type=\"heading.default\">\n\t\t\t\t\t<span class=\"elementor-heading-title elementor-size-default\">Peinados<\/span>\t\t\t\t<\/div>\n\t\t\t\t<\/div>\n\t\t<div class=\"elementor-element elementor-element-3d423c1b e-con-full e-flex e-con e-child\" data-id=\"3d423c1b\" data-element_type=\"container\" data-e-type=\"container\" data-settings=\"{&quot;background_background&quot;:&quot;classic&quot;}\">\n\t\t\t\t<\/div>\n\t\t\t\t<\/div>\n\t\t<div class=\"elementor-element elementor-element-6d796fa4 e-con-full e-flex e-con e-parent\" data-id=\"6d796fa4\" data-element_type=\"container\" data-e-type=\"container\">\n\t\t<div class=\"elementor-element elementor-element-120bfebc e-con-full e-flex e-con e-child\" data-id=\"120bfebc\" data-element_type=\"container\" data-e-type=\"container\" data-settings=\"{&quot;background_background&quot;:&quot;classic&quot;}\">\n\t\t\t\t<\/div>\n\t\t<div class=\"elementor-element elementor-element-358ca1a6 e-con-full e-flex e-con e-child\" data-id=\"358ca1a6\" data-element_type=\"container\" data-e-type=\"container\">\n\t\t\t\t<div class=\"elementor-element elementor-element-f555ea7 elementor-widget elementor-widget-heading\" data-id=\"f555ea7\" data-element_type=\"widget\" data-e-type=\"widget\" data-widget_type=\"heading.default\">\n\t\t\t\t\t<h2 class=\"elementor-heading-title elementor-size-default\">Peluquer\u00eda Rosa Ferreira<\/h2>\t\t\t\t<\/div>\n\t\t\t\t<div class=\"elementor-element elementor-element-65dd65ce elementor-widget elementor-widget-text-editor\" data-id=\"65dd65ce\" data-element_type=\"widget\" data-e-type=\"widget\" data-widget_type=\"text-editor.default\">\n\t\t\t\t\t\t\t\t\t<h3 data-start=\"2127\" data-end=\"2153\">Atenci\u00f3n personalizada<\/h3><p data-start=\"2154\" data-end=\"2219\">Nos adaptamos a cada cliente para conseguir el resultado deseado.<\/p><h3 data-start=\"2221\" data-end=\"2236\">Experiencia<\/h3><p data-start=\"2237\" data-end=\"2304\">A\u00f1os de experiencia ofreciendo servicios de peluquer\u00eda en Negreira.<\/p><h3 data-start=\"2306\" data-end=\"2330\">Productos de calidad<\/h3><p data-start=\"2331\" data-end=\"2388\">Utilizamos productos profesionales que cuidan tu cabello.<\/p><h3 data-start=\"2390\" data-end=\"2407\">Trato cercano<\/h3><p>\u00a0<\/p><p data-start=\"2408\" data-end=\"2449\">Ofrecemos un ambiente c\u00f3modo y agradable.<\/p>\t\t\t\t\t\t\t\t<\/div>\n\t\t\t\t<\/div>\n\t\t\t\t<\/div>\n\t\t<div class=\"elementor-element elementor-element-1f7a8d9f e-con-full e-flex e-con e-parent\" data-id=\"1f7a8d9f\" data-element_type=\"container\" data-e-type=\"container\">\n\t\t\t\t<div class=\"elementor-element elementor-element-197f8eca elementor-widget elementor-widget-heading\" data-id=\"197f8eca\" data-element_type=\"widget\" data-e-type=\"widget\" data-widget_type=\"heading.default\">\n\t\t\t\t\t<span class=\"elementor-heading-title elementor-size-default\">galer\u00eda\n<\/span>\t\t\t\t<\/div>\n\t\t<div class=\"elementor-element elementor-element-146f7095 e-con-full e-flex e-con e-child\" data-id=\"146f7095\" data-element_type=\"container\" data-e-type=\"container\">\n\t\t\t\t<div class=\"elementor-element elementor-element-15ae3bcd elementor-widget-tablet__width-initial elementor-widget-mobile__width-inherit elementor-position-top elementor-widget elementor-widget-image-box\" data-id=\"15ae3bcd\" data-element_type=\"widget\" data-e-type=\"widget\" data-widget_type=\"image-box.default\">\n\t\t\t\t\t<div class=\"elementor-image-box-wrapper\"><figure class=\"elementor-image-box-img\"><img fetchpriority=\"high\" decoding=\"async\" width=\"1024\" height=\"574\" src=\"https:\/\/peluqueriarosaferreira.es\/wp-content\/uploads\/2026\/03\/que-peinado-te-favorecera-mas-en-un-evento_img290765t1.jpg\" class=\"elementor-animation-sink attachment-full size-full wp-image-189\" alt=\"\" srcset=\"https:\/\/peluqueriarosaferreira.es\/wp-content\/uploads\/2026\/03\/que-peinado-te-favorecera-mas-en-un-evento_img290765t1.jpg 1024w, https:\/\/peluqueriarosaferreira.es\/wp-content\/uploads\/2026\/03\/que-peinado-te-favorecera-mas-en-un-evento_img290765t1-300x168.jpg 300w, https:\/\/peluqueriarosaferreira.es\/wp-content\/uploads\/2026\/03\/que-peinado-te-favorecera-mas-en-un-evento_img290765t1-768x431.jpg 768w\" sizes=\"(max-width: 1024px) 100vw, 1024px\" \/><\/figure><\/div>\t\t\t\t<\/div>\n\t\t\t\t<div class=\"elementor-element elementor-element-6230e63d elementor-widget-tablet__width-initial elementor-widget-mobile__width-inherit elementor-position-top elementor-widget elementor-widget-image-box\" data-id=\"6230e63d\" data-element_type=\"widget\" data-e-type=\"widget\" data-widget_type=\"image-box.default\">\n\t\t\t\t\t<div class=\"elementor-image-box-wrapper\"><figure class=\"elementor-image-box-img\"><img decoding=\"async\" width=\"1600\" height=\"900\" src=\"https:\/\/peluqueriarosaferreira.es\/wp-content\/uploads\/2026\/03\/692a1915-9a61-464e-8340-640a10dfa5dd_source-aspect-ratio_1600w_0.jpg\" class=\"elementor-animation-sink attachment-full size-full wp-image-191\" alt=\"\" srcset=\"https:\/\/peluqueriarosaferreira.es\/wp-content\/uploads\/2026\/03\/692a1915-9a61-464e-8340-640a10dfa5dd_source-aspect-ratio_1600w_0.jpg 1600w, https:\/\/peluqueriarosaferreira.es\/wp-content\/uploads\/2026\/03\/692a1915-9a61-464e-8340-640a10dfa5dd_source-aspect-ratio_1600w_0-300x169.jpg 300w, https:\/\/peluqueriarosaferreira.es\/wp-content\/uploads\/2026\/03\/692a1915-9a61-464e-8340-640a10dfa5dd_source-aspect-ratio_1600w_0-1024x576.jpg 1024w, https:\/\/peluqueriarosaferreira.es\/wp-content\/uploads\/2026\/03\/692a1915-9a61-464e-8340-640a10dfa5dd_source-aspect-ratio_1600w_0-768x432.jpg 768w, https:\/\/peluqueriarosaferreira.es\/wp-content\/uploads\/2026\/03\/692a1915-9a61-464e-8340-640a10dfa5dd_source-aspect-ratio_1600w_0-1536x864.jpg 1536w\" sizes=\"(max-width: 1600px) 100vw, 1600px\" \/><\/figure><\/div>\t\t\t\t<\/div>\n\t\t\t\t<div class=\"elementor-element elementor-element-37a88672 elementor-widget-tablet__width-initial elementor-widget-mobile__width-inherit elementor-position-top elementor-widget elementor-widget-image-box\" data-id=\"37a88672\" data-element_type=\"widget\" data-e-type=\"widget\" data-widget_type=\"image-box.default\">\n\t\t\t\t\t<div class=\"elementor-image-box-wrapper\"><figure class=\"elementor-image-box-img\"><img decoding=\"async\" width=\"1996\" height=\"1206\" src=\"https:\/\/peluqueriarosaferreira.es\/wp-content\/uploads\/2026\/03\/portada-wp-peluqueria.jpg\" class=\"elementor-animation-sink attachment-full size-full wp-image-203\" alt=\"\" srcset=\"https:\/\/peluqueriarosaferreira.es\/wp-content\/uploads\/2026\/03\/portada-wp-peluqueria.jpg 1996w, https:\/\/peluqueriarosaferreira.es\/wp-content\/uploads\/2026\/03\/portada-wp-peluqueria-300x181.jpg 300w, https:\/\/peluqueriarosaferreira.es\/wp-content\/uploads\/2026\/03\/portada-wp-peluqueria-1024x619.jpg 1024w, https:\/\/peluqueriarosaferreira.es\/wp-content\/uploads\/2026\/03\/portada-wp-peluqueria-768x464.jpg 768w, https:\/\/peluqueriarosaferreira.es\/wp-content\/uploads\/2026\/03\/portada-wp-peluqueria-1536x928.jpg 1536w\" sizes=\"(max-width: 1996px) 100vw, 1996px\" \/><\/figure><\/div>\t\t\t\t<\/div>\n\t\t\t\t<div class=\"elementor-element elementor-element-35b6758f elementor-widget-tablet__width-initial elementor-widget-mobile__width-inherit elementor-position-top elementor-widget elementor-widget-image-box\" data-id=\"35b6758f\" data-element_type=\"widget\" data-e-type=\"widget\" data-widget_type=\"image-box.default\">\n\t\t\t\t\t<div class=\"elementor-image-box-wrapper\"><figure class=\"elementor-image-box-img\"><img loading=\"lazy\" decoding=\"async\" width=\"960\" height=\"1280\" src=\"https:\/\/peluqueriarosaferreira.es\/wp-content\/uploads\/2026\/03\/peinados3.jpg\" class=\"elementor-animation-sink attachment-full size-full wp-image-187\" alt=\"\" srcset=\"https:\/\/peluqueriarosaferreira.es\/wp-content\/uploads\/2026\/03\/peinados3.jpg 960w, https:\/\/peluqueriarosaferreira.es\/wp-content\/uploads\/2026\/03\/peinados3-225x300.jpg 225w, https:\/\/peluqueriarosaferreira.es\/wp-content\/uploads\/2026\/03\/peinados3-768x1024.jpg 768w\" sizes=\"(max-width: 960px) 100vw, 960px\" \/><\/figure><\/div>\t\t\t\t<\/div>\n\t\t\t\t<\/div>\n\t\t\t\t<\/div>\n\t\t\t\t<\/div>\n\t\t","protected":false},"excerpt":{"rendered":"<p>Nuestros trabajos Descubre algunos de nuestros trabajos y resultados realizados en Peluquer\u00eda Rosa Ferreira. Peinados Peluquer\u00eda Rosa Ferreira Atenci\u00f3n personalizada Nos adaptamos a cada cliente para conseguir el resultado deseado. Experiencia A\u00f1os de experiencia ofreciendo servicios de peluquer\u00eda en Negreira. Productos de calidad Utilizamos productos profesionales que cuidan tu cabello. Trato cercano \u00a0 Ofrecemos un [&hellip;]<\/p>\n","protected":false},"author":1,"featured_media":137,"parent":0,"menu_order":0,"comment_status":"closed","ping_status":"closed","template":"elementor_header_footer","meta":{"footnotes":""},"class_list":["post-126","page","type-page","status-publish","has-post-thumbnail","hentry"],"_links":{"self":[{"href":"https:\/\/peluqueriarosaferreira.es\/index.php\/wp-json\/wp\/v2\/pages\/126","targetHints":{"allow":["GET"]}}],"collection":[{"href":"https:\/\/peluqueriarosaferreira.es\/index.php\/wp-json\/wp\/v2\/pages"}],"about":[{"href":"https:\/\/peluqueriarosaferreira.es\/index.php\/wp-json\/wp\/v2\/types\/page"}],"author":[{"embeddable":true,"href":"https:\/\/peluqueriarosaferreira.es\/index.php\/wp-json\/wp\/v2\/users\/1"}],"replies":[{"embeddable":true,"href":"https:\/\/peluqueriarosaferreira.es\/index.php\/wp-json\/wp\/v2\/comments?post=126"}],"version-history":[{"count":10,"href":"https:\/\/peluqueriarosaferreira.es\/index.php\/wp-json\/wp\/v2\/pages\/126\/revisions"}],"predecessor-version":[{"id":211,"href":"https:\/\/peluqueriarosaferreira.es\/index.php\/wp-json\/wp\/v2\/pages\/126\/revisions\/211"}],"wp:featuredmedia":[{"embeddable":true,"href":"https:\/\/peluqueriarosaferreira.es\/index.php\/wp-json\/wp\/v2\/media\/137"}],"wp:attachment":[{"href":"https:\/\/peluqueriarosaferreira.es\/index.php\/wp-json\/wp\/v2\/media?parent=126"}],"curies":[{"name":"wp","href":"https:\/\/api.w.org\/{rel}","templated":true}]}}