{"id":138,"date":"2026-03-03T07:05:57","date_gmt":"2026-03-03T07:05:57","guid":{"rendered":"https:\/\/peluqueriarosaferreira.es\/index.php\/home\/"},"modified":"2026-03-09T09:18:39","modified_gmt":"2026-03-09T09:18:39","slug":"home","status":"publish","type":"page","link":"https:\/\/peluqueriarosaferreira.es\/","title":{"rendered":"Home"},"content":{"rendered":"\t\t<div data-elementor-type=\"wp-page\" data-elementor-id=\"138\" class=\"elementor elementor-138\">\n\t\t\t\t<div class=\"elementor-element elementor-element-4c3a01b e-con-full e-flex e-con e-parent\" data-id=\"4c3a01b\" data-element_type=\"container\" data-e-type=\"container\">\n\t\t<div class=\"elementor-element elementor-element-158e2c18 e-con-full e-flex e-con e-child\" data-id=\"158e2c18\" data-element_type=\"container\" data-e-type=\"container\">\n\t\t<div class=\"elementor-element elementor-element-b8bf63d e-con-full e-flex e-con e-child\" data-id=\"b8bf63d\" data-element_type=\"container\" data-e-type=\"container\">\n\t\t\t\t<div class=\"elementor-element elementor-element-4bd37299 elementor-widget elementor-widget-heading\" data-id=\"4bd37299\" data-element_type=\"widget\" data-e-type=\"widget\" data-widget_type=\"heading.default\">\n\t\t\t\t\t<h1 class=\"elementor-heading-title elementor-size-default\">Cuidado profesional para tu cabello en Negreira<\/h1>\t\t\t\t<\/div>\n\t\t\t\t<div class=\"elementor-element elementor-element-34557ee9 elementor-widget__width-initial elementor-widget elementor-widget-text-editor\" data-id=\"34557ee9\" data-element_type=\"widget\" data-e-type=\"widget\" data-widget_type=\"text-editor.default\">\n\t\t\t\t\t\t\t\t\t<p>Peluquer\u00eda Rosa Ferreira es un sal\u00f3n de peluquer\u00eda ubicado en Negreira donde ofrecemos atenci\u00f3n personalizada y un trato cercano a cada cliente.<\/p>\t\t\t\t\t\t\t\t<\/div>\n\t\t\t\t<div class=\"elementor-element elementor-element-32fc177d elementor-invisible elementor-widget elementor-widget-button\" data-id=\"32fc177d\" data-element_type=\"widget\" data-e-type=\"widget\" data-settings=\"{&quot;_animation&quot;:&quot;fadeInDown&quot;}\" data-widget_type=\"button.default\">\n\t\t\t\t\t\t\t\t\t\t<a class=\"elementor-button elementor-button-link elementor-size-sm elementor-animation-sink\" href=\"https:\/\/library.elementor.com\/ceramic-workshops-flexbox\/workshops\/\">\n\t\t\t\t\t\t<span class=\"elementor-button-content-wrapper\">\n\t\t\t\t\t\t\t\t\t<span class=\"elementor-button-text\">Cont\u00e1ctanos!<\/span>\n\t\t\t\t\t<\/span>\n\t\t\t\t\t<\/a>\n\t\t\t\t\t\t\t\t<\/div>\n\t\t\t\t<\/div>\n\t\t\t\t<div class=\"elementor-element elementor-element-50be4a92 elementor-invisible elementor-widget elementor-widget-heading\" data-id=\"50be4a92\" data-element_type=\"widget\" data-e-type=\"widget\" data-settings=\"{&quot;_animation&quot;:&quot;fadeInUp&quot;}\" data-widget_type=\"heading.default\">\n\t\t\t\t\t<span class=\"elementor-heading-title elementor-size-default\">Rosa ferreira peluqueros<\/span>\t\t\t\t<\/div>\n\t\t\t\t<\/div>\n\t\t<div class=\"elementor-element elementor-element-40b42539 e-con-full e-flex e-con e-child\" data-id=\"40b42539\" data-element_type=\"container\" data-e-type=\"container\" data-settings=\"{&quot;background_background&quot;:&quot;classic&quot;}\">\n\t\t\t\t<\/div>\n\t\t\t\t<\/div>\n\t\t<div class=\"elementor-element elementor-element-73fd8e95 e-con-full e-flex e-con e-parent\" data-id=\"73fd8e95\" data-element_type=\"container\" data-e-type=\"container\">\n\t\t<div class=\"elementor-element elementor-element-17209eb0 e-con-full e-flex e-con e-child\" data-id=\"17209eb0\" data-element_type=\"container\" data-e-type=\"container\" data-settings=\"{&quot;background_background&quot;:&quot;classic&quot;}\">\n\t\t\t\t<\/div>\n\t\t<div class=\"elementor-element elementor-element-2be57289 e-con-full e-flex e-con e-child\" data-id=\"2be57289\" data-element_type=\"container\" data-e-type=\"container\">\n\t\t\t\t<div class=\"elementor-element elementor-element-613938a4 elementor-widget elementor-widget-heading\" data-id=\"613938a4\" data-element_type=\"widget\" data-e-type=\"widget\" data-widget_type=\"heading.default\">\n\t\t\t\t\t<h2 class=\"elementor-heading-title elementor-size-default\">En Peluquer\u00eda Rosa Ferreira ofrecemos servicios de peluquer\u00eda personalizados para que te sientas bien contigo mismo cada d\u00eda.<\/h2>\t\t\t\t<\/div>\n\t\t\t\t<div class=\"elementor-element elementor-element-3e8e9aed elementor-widget elementor-widget-text-editor\" data-id=\"3e8e9aed\" data-element_type=\"widget\" data-e-type=\"widget\" data-widget_type=\"text-editor.default\">\n\t\t\t\t\t\t\t\t\t<p data-start=\"937\" data-end=\"1136\">Nuestro objetivo es cuidar tu cabello y ayudarte a encontrar el estilo que mejor se adapte a ti. Trabajamos con productos de calidad y t\u00e9cnicas actuales para ofrecer resultados naturales y duraderos.<\/p><p data-start=\"1138\" data-end=\"1238\">Contamos con experiencia en cortes, peinados y tratamientos capilares para mujeres, hombres y ni\u00f1os.<\/p><p data-start=\"1240\" data-end=\"1337\">Nos caracteriza la atenci\u00f3n al detalle, la profesionalidad y el compromiso con nuestros clientes.<\/p>\t\t\t\t\t\t\t\t<\/div>\n\t\t\t\t<div class=\"elementor-element elementor-element-1118f93b elementor-invisible elementor-widget elementor-widget-button\" data-id=\"1118f93b\" data-element_type=\"widget\" data-e-type=\"widget\" data-settings=\"{&quot;_animation&quot;:&quot;fadeInDown&quot;}\" data-widget_type=\"button.default\">\n\t\t\t\t\t\t\t\t\t\t<a class=\"elementor-button elementor-button-link elementor-size-sm\" href=\"https:\/\/library.elementor.com\/ceramic-workshops-flexbox\/about-us\/\">\n\t\t\t\t\t\t<span class=\"elementor-button-content-wrapper\">\n\t\t\t\t\t\t\t\t\t<span class=\"elementor-button-text\">M\u00e1s sobre nosotros<\/span>\n\t\t\t\t\t<\/span>\n\t\t\t\t\t<\/a>\n\t\t\t\t\t\t\t\t<\/div>\n\t\t\t\t<\/div>\n\t\t\t\t<\/div>\n\t\t<div class=\"elementor-element elementor-element-2c9e097c e-con-full e-flex e-con e-parent\" data-id=\"2c9e097c\" data-element_type=\"container\" data-e-type=\"container\">\n\t\t\t\t<div class=\"elementor-element elementor-element-26a0950 elementor-widget elementor-widget-heading\" data-id=\"26a0950\" data-element_type=\"widget\" data-e-type=\"widget\" data-widget_type=\"heading.default\">\n\t\t\t\t\t<span class=\"elementor-heading-title elementor-size-default\">Nuestros servicios<\/span>\t\t\t\t<\/div>\n\t\t<div class=\"elementor-element elementor-element-38988dea e-con-full e-flex e-con e-child\" data-id=\"38988dea\" data-element_type=\"container\" data-e-type=\"container\">\n\t\t<div class=\"elementor-element elementor-element-4de24439 e-con-full e-flex e-con e-child\" data-id=\"4de24439\" data-element_type=\"container\" data-e-type=\"container\">\n\t\t\t\t<div class=\"elementor-element elementor-element-a440234 elementor-widget elementor-widget-text-editor\" data-id=\"a440234\" data-element_type=\"widget\" data-e-type=\"widget\" data-widget_type=\"text-editor.default\">\n\t\t\t\t\t\t\t\t\t<h3 data-start=\"2127\" data-end=\"2153\">Atenci\u00f3n personalizada<\/h3><p data-start=\"2154\" data-end=\"2219\">Nos adaptamos a cada cliente para conseguir el resultado deseado.<\/p>\t\t\t\t\t\t\t\t<\/div>\n\t\t\t\t<div class=\"elementor-element elementor-element-10ec44b7 elementor-invisible elementor-widget elementor-widget-button\" data-id=\"10ec44b7\" data-element_type=\"widget\" data-e-type=\"widget\" data-settings=\"{&quot;_animation&quot;:&quot;fadeInDown&quot;}\" data-widget_type=\"button.default\">\n\t\t\t\t\t\t\t\t\t\t<a class=\"elementor-button elementor-button-link elementor-size-sm elementor-animation-sink\" href=\"https:\/\/library.elementor.com\/ceramic-workshops-flexbox\/workshops\/\">\n\t\t\t\t\t\t<span class=\"elementor-button-content-wrapper\">\n\t\t\t\t\t\t\t\t\t<span class=\"elementor-button-text\">Reserva tu cita!<\/span>\n\t\t\t\t\t<\/span>\n\t\t\t\t\t<\/a>\n\t\t\t\t\t\t\t\t<\/div>\n\t\t\t\t<\/div>\n\t\t<div class=\"elementor-element elementor-element-400d557 e-con-full e-flex e-con e-child\" data-id=\"400d557\" data-element_type=\"container\" data-e-type=\"container\">\n\t\t<div class=\"elementor-element elementor-element-5347ee94 e-con-full e-flex e-con e-child\" data-id=\"5347ee94\" data-element_type=\"container\" data-e-type=\"container\">\n\t\t\t\t<div class=\"elementor-element elementor-element-678bbf65 elementor-position-top elementor-widget elementor-widget-image-box\" data-id=\"678bbf65\" data-element_type=\"widget\" data-e-type=\"widget\" data-widget_type=\"image-box.default\">\n\t\t\t\t\t<div class=\"elementor-image-box-wrapper\"><figure class=\"elementor-image-box-img\"><img fetchpriority=\"high\" decoding=\"async\" width=\"1600\" height=\"900\" src=\"https:\/\/peluqueriarosaferreira.es\/wp-content\/uploads\/2026\/03\/692a1915-9a61-464e-8340-640a10dfa5dd_source-aspect-ratio_1600w_0.jpg\" class=\"elementor-animation-sink attachment-full size-full wp-image-191\" alt=\"\" srcset=\"https:\/\/peluqueriarosaferreira.es\/wp-content\/uploads\/2026\/03\/692a1915-9a61-464e-8340-640a10dfa5dd_source-aspect-ratio_1600w_0.jpg 1600w, https:\/\/peluqueriarosaferreira.es\/wp-content\/uploads\/2026\/03\/692a1915-9a61-464e-8340-640a10dfa5dd_source-aspect-ratio_1600w_0-300x169.jpg 300w, https:\/\/peluqueriarosaferreira.es\/wp-content\/uploads\/2026\/03\/692a1915-9a61-464e-8340-640a10dfa5dd_source-aspect-ratio_1600w_0-1024x576.jpg 1024w, https:\/\/peluqueriarosaferreira.es\/wp-content\/uploads\/2026\/03\/692a1915-9a61-464e-8340-640a10dfa5dd_source-aspect-ratio_1600w_0-768x432.jpg 768w, https:\/\/peluqueriarosaferreira.es\/wp-content\/uploads\/2026\/03\/692a1915-9a61-464e-8340-640a10dfa5dd_source-aspect-ratio_1600w_0-1536x864.jpg 1536w\" sizes=\"(max-width: 1600px) 100vw, 1600px\" \/><\/figure><div class=\"elementor-image-box-content\"><h3 class=\"elementor-image-box-title\">Corte de Cabello<\/h3><p class=\"elementor-image-box-description\">Realizamos cortes personalizados adaptados a cada estilo y tipo de cabello. Te asesoramos para conseguir el mejor resultado.<\/p><\/div><\/div>\t\t\t\t<\/div>\n\t\t\t\t<div class=\"elementor-element elementor-element-c8ed9f6 elementor-widget elementor-widget-button\" data-id=\"c8ed9f6\" data-element_type=\"widget\" data-e-type=\"widget\" data-widget_type=\"button.default\">\n\t\t\t\t\t\t\t\t\t\t<a class=\"elementor-button elementor-button-link elementor-size-sm\" href=\"https:\/\/library.elementor.com\/ceramic-workshops-flexbox\/workshops\/#Workshop_Learn_The_Basics\">\n\t\t\t\t\t\t<span class=\"elementor-button-content-wrapper\">\n\t\t\t\t\t\t\t\t\t<span class=\"elementor-button-text\">Ver m\u00e1s<\/span>\n\t\t\t\t\t<\/span>\n\t\t\t\t\t<\/a>\n\t\t\t\t\t\t\t\t<\/div>\n\t\t\t\t<div class=\"elementor-element elementor-element-9ed5597 elementor-widget elementor-widget-spacer\" data-id=\"9ed5597\" data-element_type=\"widget\" data-e-type=\"widget\" data-widget_type=\"spacer.default\">\n\t\t\t\t\t\t\t<div class=\"elementor-spacer\">\n\t\t\t<div class=\"elementor-spacer-inner\"><\/div>\n\t\t<\/div>\n\t\t\t\t\t\t<\/div>\n\t\t\t\t<div class=\"elementor-element elementor-element-9ff65e1 elementor-widget-divider--view-line elementor-widget elementor-widget-divider\" data-id=\"9ff65e1\" data-element_type=\"widget\" data-e-type=\"widget\" data-widget_type=\"divider.default\">\n\t\t\t\t\t\t\t<div class=\"elementor-divider\">\n\t\t\t<span class=\"elementor-divider-separator\">\n\t\t\t\t\t\t<\/span>\n\t\t<\/div>\n\t\t\t\t\t\t<\/div>\n\t\t\t\t<\/div>\n\t\t<div class=\"elementor-element elementor-element-5e2df82d e-con-full e-flex e-con e-child\" data-id=\"5e2df82d\" data-element_type=\"container\" data-e-type=\"container\">\n\t\t\t\t<div class=\"elementor-element elementor-element-b1b2ef2 elementor-position-top elementor-widget elementor-widget-image-box\" data-id=\"b1b2ef2\" data-element_type=\"widget\" data-e-type=\"widget\" data-widget_type=\"image-box.default\">\n\t\t\t\t\t<div class=\"elementor-image-box-wrapper\"><figure class=\"elementor-image-box-img\"><img decoding=\"async\" width=\"1024\" height=\"574\" src=\"https:\/\/peluqueriarosaferreira.es\/wp-content\/uploads\/2026\/03\/que-peinado-te-favorecera-mas-en-un-evento_img290765t1.jpg\" class=\"elementor-animation-sink attachment-full size-full wp-image-189\" alt=\"\" srcset=\"https:\/\/peluqueriarosaferreira.es\/wp-content\/uploads\/2026\/03\/que-peinado-te-favorecera-mas-en-un-evento_img290765t1.jpg 1024w, https:\/\/peluqueriarosaferreira.es\/wp-content\/uploads\/2026\/03\/que-peinado-te-favorecera-mas-en-un-evento_img290765t1-300x168.jpg 300w, https:\/\/peluqueriarosaferreira.es\/wp-content\/uploads\/2026\/03\/que-peinado-te-favorecera-mas-en-un-evento_img290765t1-768x431.jpg 768w\" sizes=\"(max-width: 1024px) 100vw, 1024px\" \/><\/figure><div class=\"elementor-image-box-content\"><h3 class=\"elementor-image-box-title\">Peinados<\/h3><p class=\"elementor-image-box-description\"><p data-start=\"1564\" data-end=\"1662\">Peinados para el d\u00eda a d\u00eda o para ocasiones especiales. Conseguimos un acabado natural y elegante.<\/p><\/p><\/div><\/div>\t\t\t\t<\/div>\n\t\t\t\t<div class=\"elementor-element elementor-element-7d3aa16b elementor-widget elementor-widget-button\" data-id=\"7d3aa16b\" data-element_type=\"widget\" data-e-type=\"widget\" data-widget_type=\"button.default\">\n\t\t\t\t\t\t\t\t\t\t<a class=\"elementor-button elementor-button-link elementor-size-sm\" href=\"https:\/\/library.elementor.com\/ceramic-workshops-flexbox\/workshops\/#Workshop_Master_The_Basics\">\n\t\t\t\t\t\t<span class=\"elementor-button-content-wrapper\">\n\t\t\t\t\t\t\t\t\t<span class=\"elementor-button-text\">Ver m\u00e1s<\/span>\n\t\t\t\t\t<\/span>\n\t\t\t\t\t<\/a>\n\t\t\t\t\t\t\t\t<\/div>\n\t\t\t\t<\/div>\n\t\t<div class=\"elementor-element elementor-element-608ddd19 e-con-full e-flex e-con e-child\" data-id=\"608ddd19\" data-element_type=\"container\" data-e-type=\"container\">\n\t\t\t\t<div class=\"elementor-element elementor-element-3e98a8cc elementor-position-top elementor-widget elementor-widget-image-box\" data-id=\"3e98a8cc\" data-element_type=\"widget\" data-e-type=\"widget\" data-widget_type=\"image-box.default\">\n\t\t\t\t\t<div class=\"elementor-image-box-wrapper\"><figure class=\"elementor-image-box-img\"><img decoding=\"async\" width=\"1078\" height=\"1170\" src=\"https:\/\/peluqueriarosaferreira.es\/wp-content\/uploads\/2026\/03\/peluqueria-pontecaldelas-coloracion.jpg\" class=\"elementor-animation-sink attachment-full size-full wp-image-190\" alt=\"\" srcset=\"https:\/\/peluqueriarosaferreira.es\/wp-content\/uploads\/2026\/03\/peluqueria-pontecaldelas-coloracion.jpg 1078w, https:\/\/peluqueriarosaferreira.es\/wp-content\/uploads\/2026\/03\/peluqueria-pontecaldelas-coloracion-276x300.jpg 276w, https:\/\/peluqueriarosaferreira.es\/wp-content\/uploads\/2026\/03\/peluqueria-pontecaldelas-coloracion-943x1024.jpg 943w, https:\/\/peluqueriarosaferreira.es\/wp-content\/uploads\/2026\/03\/peluqueria-pontecaldelas-coloracion-768x834.jpg 768w\" sizes=\"(max-width: 1078px) 100vw, 1078px\" \/><\/figure><div class=\"elementor-image-box-content\"><h3 class=\"elementor-image-box-title\">Coloraci\u00f3n<\/h3><p class=\"elementor-image-box-description\">Servicios de coloraci\u00f3n con productos de calidad para cuidar tu cabello y conseguir tonos naturales y duraderos.<\/p><\/div><\/div>\t\t\t\t<\/div>\n\t\t\t\t<div class=\"elementor-element elementor-element-20fc3c92 elementor-widget elementor-widget-button\" data-id=\"20fc3c92\" data-element_type=\"widget\" data-e-type=\"widget\" data-widget_type=\"button.default\">\n\t\t\t\t\t\t\t\t\t\t<a class=\"elementor-button elementor-button-link elementor-size-sm\" href=\"https:\/\/library.elementor.com\/ceramic-workshops-flexbox\/workshops\/#Workshop_Be_Ceramic_Superhero\">\n\t\t\t\t\t\t<span class=\"elementor-button-content-wrapper\">\n\t\t\t\t\t\t\t\t\t<span class=\"elementor-button-text\">ver m\u00e1s<\/span>\n\t\t\t\t\t<\/span>\n\t\t\t\t\t<\/a>\n\t\t\t\t\t\t\t\t<\/div>\n\t\t\t\t<\/div>\n\t\t\t\t<\/div>\n\t\t\t\t<\/div>\n\t\t\t\t<\/div>\n\t\t<div class=\"elementor-element elementor-element-0d26f7a e-grid e-con-boxed e-con e-parent\" data-id=\"0d26f7a\" data-element_type=\"container\" data-e-type=\"container\">\n\t\t\t\t\t<div class=\"e-con-inner\">\n\t\t\t\t<div class=\"elementor-element elementor-element-1f6c73f elementor-widget elementor-widget-image\" data-id=\"1f6c73f\" data-element_type=\"widget\" data-e-type=\"widget\" data-widget_type=\"image.default\">\n\t\t\t\t\t\t\t\t\t\t\t\t\t\t\t<img loading=\"lazy\" decoding=\"async\" width=\"800\" height=\"217\" src=\"https:\/\/peluqueriarosaferreira.es\/wp-content\/uploads\/2026\/03\/logo_kit_digital.png\" class=\"attachment-large size-large wp-image-14\" alt=\"\" srcset=\"https:\/\/peluqueriarosaferreira.es\/wp-content\/uploads\/2026\/03\/logo_kit_digital.png 946w, https:\/\/peluqueriarosaferreira.es\/wp-content\/uploads\/2026\/03\/logo_kit_digital-300x82.png 300w, https:\/\/peluqueriarosaferreira.es\/wp-content\/uploads\/2026\/03\/logo_kit_digital-768x209.png 768w\" sizes=\"(max-width: 800px) 100vw, 800px\" \/>\t\t\t\t\t\t\t\t\t\t\t\t\t\t\t<\/div>\n\t\t\t\t<div class=\"elementor-element elementor-element-e3f20e1 elementor-widget elementor-widget-image\" data-id=\"e3f20e1\" data-element_type=\"widget\" data-e-type=\"widget\" data-widget_type=\"image.default\">\n\t\t\t\t\t\t\t\t\t\t\t\t\t\t\t<img loading=\"lazy\" decoding=\"async\" width=\"800\" height=\"181\" src=\"https:\/\/peluqueriarosaferreira.es\/wp-content\/uploads\/2026\/03\/Logotipo_del_Ministerio_para_la_Transformacion_Digital_y_de_la_Funcion_Publica.svg_-1024x232.png\" class=\"attachment-large size-large wp-image-15\" alt=\"\" srcset=\"https:\/\/peluqueriarosaferreira.es\/wp-content\/uploads\/2026\/03\/Logotipo_del_Ministerio_para_la_Transformacion_Digital_y_de_la_Funcion_Publica.svg_-1024x232.png 1024w, https:\/\/peluqueriarosaferreira.es\/wp-content\/uploads\/2026\/03\/Logotipo_del_Ministerio_para_la_Transformacion_Digital_y_de_la_Funcion_Publica.svg_-300x68.png 300w, https:\/\/peluqueriarosaferreira.es\/wp-content\/uploads\/2026\/03\/Logotipo_del_Ministerio_para_la_Transformacion_Digital_y_de_la_Funcion_Publica.svg_-768x174.png 768w, https:\/\/peluqueriarosaferreira.es\/wp-content\/uploads\/2026\/03\/Logotipo_del_Ministerio_para_la_Transformacion_Digital_y_de_la_Funcion_Publica.svg_.png 1200w\" sizes=\"(max-width: 800px) 100vw, 800px\" \/>\t\t\t\t\t\t\t\t\t\t\t\t\t\t\t<\/div>\n\t\t\t\t<div class=\"elementor-element elementor-element-14ee1e7 elementor-widget elementor-widget-image\" data-id=\"14ee1e7\" data-element_type=\"widget\" data-e-type=\"widget\" data-widget_type=\"image.default\">\n\t\t\t\t\t\t\t\t\t\t\t\t\t\t\t<img loading=\"lazy\" decoding=\"async\" width=\"800\" height=\"234\" src=\"https:\/\/peluqueriarosaferreira.es\/wp-content\/uploads\/2026\/03\/es_financiado_por_la_union_europea_pos-1024x300.png\" class=\"attachment-large size-large wp-image-13\" alt=\"\" srcset=\"https:\/\/peluqueriarosaferreira.es\/wp-content\/uploads\/2026\/03\/es_financiado_por_la_union_europea_pos-1024x300.png 1024w, https:\/\/peluqueriarosaferreira.es\/wp-content\/uploads\/2026\/03\/es_financiado_por_la_union_europea_pos-300x88.png 300w, https:\/\/peluqueriarosaferreira.es\/wp-content\/uploads\/2026\/03\/es_financiado_por_la_union_europea_pos-768x225.png 768w, https:\/\/peluqueriarosaferreira.es\/wp-content\/uploads\/2026\/03\/es_financiado_por_la_union_europea_pos.png 1200w\" sizes=\"(max-width: 800px) 100vw, 800px\" \/>\t\t\t\t\t\t\t\t\t\t\t\t\t\t\t<\/div>\n\t\t\t\t<div class=\"elementor-element elementor-element-5dec155 elementor-widget elementor-widget-image\" data-id=\"5dec155\" data-element_type=\"widget\" data-e-type=\"widget\" data-widget_type=\"image.default\">\n\t\t\t\t\t\t\t\t\t\t\t\t\t\t\t<img loading=\"lazy\" decoding=\"async\" width=\"800\" height=\"450\" src=\"https:\/\/peluqueriarosaferreira.es\/wp-content\/uploads\/2026\/03\/LOGO-COLOR-1024x576.jpg\" class=\"attachment-large size-large wp-image-16\" alt=\"\" srcset=\"https:\/\/peluqueriarosaferreira.es\/wp-content\/uploads\/2026\/03\/LOGO-COLOR-1024x576.jpg 1024w, https:\/\/peluqueriarosaferreira.es\/wp-content\/uploads\/2026\/03\/LOGO-COLOR-300x169.jpg 300w, https:\/\/peluqueriarosaferreira.es\/wp-content\/uploads\/2026\/03\/LOGO-COLOR-768x432.jpg 768w, https:\/\/peluqueriarosaferreira.es\/wp-content\/uploads\/2026\/03\/LOGO-COLOR-1536x864.jpg 1536w, https:\/\/peluqueriarosaferreira.es\/wp-content\/uploads\/2026\/03\/LOGO-COLOR.jpg 1920w\" sizes=\"(max-width: 800px) 100vw, 800px\" \/>\t\t\t\t\t\t\t\t\t\t\t\t\t\t\t<\/div>\n\t\t\t\t\t<\/div>\n\t\t\t\t<\/div>\n\t\t<div class=\"elementor-element elementor-element-5236b3b e-grid e-con-boxed e-con e-parent\" data-id=\"5236b3b\" data-element_type=\"container\" data-e-type=\"container\">\n\t\t\t\t\t<div class=\"e-con-inner\">\n\t\t\t\t\t<\/div>\n\t\t\t\t<\/div>\n\t\t\t\t<\/div>\n\t\t","protected":false},"excerpt":{"rendered":"<p>Cuidado profesional para tu cabello en Negreira Peluquer\u00eda Rosa Ferreira es un sal\u00f3n de peluquer\u00eda ubicado en Negreira donde ofrecemos atenci\u00f3n personalizada y un trato cercano a cada cliente. Cont\u00e1ctanos! Rosa ferreira peluqueros En Peluquer\u00eda Rosa Ferreira ofrecemos servicios de peluquer\u00eda personalizados para que te sientas bien contigo mismo cada d\u00eda. Nuestro objetivo es cuidar [&hellip;]<\/p>\n","protected":false},"author":1,"featured_media":150,"parent":0,"menu_order":0,"comment_status":"closed","ping_status":"closed","template":"elementor_header_footer","meta":{"footnotes":""},"class_list":["post-138","page","type-page","status-publish","has-post-thumbnail","hentry"],"_links":{"self":[{"href":"https:\/\/peluqueriarosaferreira.es\/index.php\/wp-json\/wp\/v2\/pages\/138","targetHints":{"allow":["GET"]}}],"collection":[{"href":"https:\/\/peluqueriarosaferreira.es\/index.php\/wp-json\/wp\/v2\/pages"}],"about":[{"href":"https:\/\/peluqueriarosaferreira.es\/index.php\/wp-json\/wp\/v2\/types\/page"}],"author":[{"embeddable":true,"href":"https:\/\/peluqueriarosaferreira.es\/index.php\/wp-json\/wp\/v2\/users\/1"}],"replies":[{"embeddable":true,"href":"https:\/\/peluqueriarosaferreira.es\/index.php\/wp-json\/wp\/v2\/comments?post=138"}],"version-history":[{"count":16,"href":"https:\/\/peluqueriarosaferreira.es\/index.php\/wp-json\/wp\/v2\/pages\/138\/revisions"}],"predecessor-version":[{"id":194,"href":"https:\/\/peluqueriarosaferreira.es\/index.php\/wp-json\/wp\/v2\/pages\/138\/revisions\/194"}],"wp:featuredmedia":[{"embeddable":true,"href":"https:\/\/peluqueriarosaferreira.es\/index.php\/wp-json\/wp\/v2\/media\/150"}],"wp:attachment":[{"href":"https:\/\/peluqueriarosaferreira.es\/index.php\/wp-json\/wp\/v2\/media?parent=138"}],"curies":[{"name":"wp","href":"https:\/\/api.w.org\/{rel}","templated":true}]}}